{"id":5379,"date":"2015-03-13T19:39:05","date_gmt":"2015-03-13T19:39:05","guid":{"rendered":"http:\/\/transparencia.mapre.gob.do\/?page_id=5379"},"modified":"2021-08-09T12:11:32","modified_gmt":"2021-08-09T16:11:32","slug":"lista-de-proveedores","status":"publish","type":"page","link":"https:\/\/mapre.gob.do\/transparencia\/compras-contrataciones\/lista-de-proveedores\/","title":{"rendered":"Lista de Proveedores"},"content":{"rendered":"<p style=\"text-align: justify; text-justify: inter-word;\">En cumplimiento con las disposiciones de la Ley 340-06 sobre Compras y Contrataciones, la Ministerio Administrativo de la Presidencia utiliza \u00fanica y exclusivamente los proveedores calificados por la Direcci\u00f3n General de Contrataciones P\u00fablicas, a trav\u00e9s del Registro de Proveedores del Estado (RPE).<\/p>\n<p>Para consultar los Proveedores Calificados de ofrecer bienes y servicios, favor consultar el siguiente enlace:<\/p>\n<p><a href=\"https:\/\/acceso.comprasdominicana.gov.do\/compras\/proveedores\/consulta\/consulta.jsp\" target=\"_blank\" rel=\"noopener\">https:\/\/acceso.comprasdominicana.gov.do\/compras\/proveedores\/consulta\/consulta.jsp<\/a><\/p>\n","protected":false},"excerpt":{"rendered":"<p>En cumplimiento con las disposiciones de la Ley 340-06 sobre Compras y Contrataciones, la Ministerio Administrativo de la Presidencia utiliza [&hellip;]<\/p>\n","protected":false},"author":9,"featured_media":1370,"parent":1665,"menu_order":0,"comment_status":"closed","ping_status":"open","template":"page_transparencia.php","meta":[],"_links":{"self":[{"href":"https:\/\/mapre.gob.do\/transparencia\/wp-json\/wp\/v2\/pages\/5379"}],"collection":[{"href":"https:\/\/mapre.gob.do\/transparencia\/wp-json\/wp\/v2\/pages"}],"about":[{"href":"https:\/\/mapre.gob.do\/transparencia\/wp-json\/wp\/v2\/types\/page"}],"author":[{"embeddable":true,"href":"https:\/\/mapre.gob.do\/transparencia\/wp-json\/wp\/v2\/users\/9"}],"replies":[{"embeddable":true,"href":"https:\/\/mapre.gob.do\/transparencia\/wp-json\/wp\/v2\/comments?post=5379"}],"version-history":[{"count":3,"href":"https:\/\/mapre.gob.do\/transparencia\/wp-json\/wp\/v2\/pages\/5379\/revisions"}],"predecessor-version":[{"id":10039,"href":"https:\/\/mapre.gob.do\/transparencia\/wp-json\/wp\/v2\/pages\/5379\/revisions\/10039"}],"up":[{"embeddable":true,"href":"https:\/\/mapre.gob.do\/transparencia\/wp-json\/wp\/v2\/pages\/1665"}],"wp:featuredmedia":[{"embeddable":true,"href":"https:\/\/mapre.gob.do\/transparencia\/wp-json\/wp\/v2\/media\/1370"}],"wp:attachment":[{"href":"https:\/\/mapre.gob.do\/transparencia\/wp-json\/wp\/v2\/media?parent=5379"}],"curies":[{"name":"wp","href":"https:\/\/api.w.org\/{rel}","templated":true}]}}