{"id":2,"date":"2020-11-05T16:32:30","date_gmt":"2020-11-05T16:32:30","guid":{"rendered":"http:\/\/localhost\/wordpress\/?page_id=2"},"modified":"2026-04-06T10:50:18","modified_gmt":"2026-04-06T14:50:18","slug":"sample-page","status":"publish","type":"page","link":"https:\/\/mapre.gob.do\/transparencia\/","title":{"rendered":"TRANSPARENCIA"},"content":{"rendered":"<p>El Ministerio Administrativo de la Presidencia reafirma su compromiso con la transparencia y el acceso a la informaci\u00f3n p\u00fablica, conforme a lo establecido en la Ley n\u00fam. 200-04 de Libre Acceso a la Informaci\u00f3n P\u00fablica y su Reglamento, aprobado mediante el Decreto n\u00fam. 130-05. Esta normativa garantiza el derecho de los ciudadanos a conocer datos de car\u00e1cter p\u00fablico, incluyendo informaci\u00f3n financiera y cualquier documento que respalde decisiones administrativas.<\/p>\n<p>Como instituci\u00f3n del Estado, el ministerio trabaja para asegurar que esta informaci\u00f3n sea f\u00e1cilmente accesible, promoviendo una gesti\u00f3n basada en la claridad, la rendici\u00f3n de cuentas y la participaci\u00f3n ciudadana.<\/p>\n<p>En esta secci\u00f3n, usted podr\u00e1 consultar de manera directa y sencilla los detalles que ponemos a disposici\u00f3n de la ciudadan\u00eda, reafirmando nuestro compromiso con una administraci\u00f3n transparente y en cumplimiento de nuestras obligaciones legales.<\/p>\n","protected":false},"excerpt":{"rendered":"<p>El Ministerio Administrativo de la Presidencia reafirma su compromiso con la transparencia y el acceso a la informaci\u00f3n p\u00fablica, conforme [&hellip;]<\/p>\n","protected":false},"author":9,"featured_media":0,"parent":0,"menu_order":0,"comment_status":"closed","ping_status":"open","template":"page_transparencia.php","meta":[],"_links":{"self":[{"href":"https:\/\/mapre.gob.do\/transparencia\/wp-json\/wp\/v2\/pages\/2"}],"collection":[{"href":"https:\/\/mapre.gob.do\/transparencia\/wp-json\/wp\/v2\/pages"}],"about":[{"href":"https:\/\/mapre.gob.do\/transparencia\/wp-json\/wp\/v2\/types\/page"}],"author":[{"embeddable":true,"href":"https:\/\/mapre.gob.do\/transparencia\/wp-json\/wp\/v2\/users\/9"}],"replies":[{"embeddable":true,"href":"https:\/\/mapre.gob.do\/transparencia\/wp-json\/wp\/v2\/comments?post=2"}],"version-history":[{"count":5,"href":"https:\/\/mapre.gob.do\/transparencia\/wp-json\/wp\/v2\/pages\/2\/revisions"}],"predecessor-version":[{"id":11029,"href":"https:\/\/mapre.gob.do\/transparencia\/wp-json\/wp\/v2\/pages\/2\/revisions\/11029"}],"wp:attachment":[{"href":"https:\/\/mapre.gob.do\/transparencia\/wp-json\/wp\/v2\/media?parent=2"}],"curies":[{"name":"wp","href":"https:\/\/api.w.org\/{rel}","templated":true}]}}