{"id":11087,"date":"2026-04-07T11:55:53","date_gmt":"2026-04-07T15:55:53","guid":{"rendered":"https:\/\/mapre.gob.do\/transparencia\/?page_id=11087"},"modified":"2026-04-07T11:57:16","modified_gmt":"2026-04-07T15:57:16","slug":"resoluciones","status":"publish","type":"page","link":"https:\/\/mapre.gob.do\/transparencia\/resoluciones\/","title":{"rendered":"RESOLUCIONES"},"content":{"rendered":"<h5>Resoluciones<\/h5>\n<table class=\"file-table\">\r\n    <thead>\r\n        <tr>\r\n            <th style=\"width:45%;\">Nombre del Archivo<\/th>\r\n            <th style=\"width:15%;\">Tipo<\/th>\r\n            <th style=\"width:15%;\">Tama\u00f1o<\/th>\r\n            <th style=\"width:15%;\">Fecha<\/th>\r\n            <th style=\"width:10%;\">Descarga<\/th>\r\n        <\/tr>\r\n    <\/thead>\r\n    <tbody>\r\n        <tr>\r\n            <td>\r\n                <div class=\"file-name\">\r\n                    <img src=\"https:\/\/mapre.gob.do\/transparencia\/wp-includes\/images\/crystal\/document.png\" alt=\"Icon of Resoluci\u00f3n No  002-2021 Que Crea El Portal Unico De Transparencia Y Establece Las Pol\u00edticas De Estandarizaci\u00f3n De Las Divisiones De Transparencia\" style=\"vertical-align:middle;width:auto;height:46px;\" \/>\r\n                    <span>Resoluci\u00f3n No  002-2021 Que Crea El Portal Unico De Transparencia Y Establece Las Pol\u00edticas De Estandarizaci\u00f3n De Las Divisiones De Transparencia<\/span>\r\n                <\/div>\r\n            <\/td>\r\n            <td class=\"file-extension\">pdf<\/td>\r\n            <td>5.6 MiB<\/td>\r\n            <td>12\/08\/2021 09:06:38<\/td>\r\n            <td class=\"file-download\">\r\n                <a href=\"https:\/\/mapre.gob.do\/transparencia\/download\/marco_legal(2)\/base_legal(2)\/resoluciones\/Resolucion-No.-002-2021-que-crea-el-Portal-Unico-de-Transparencia-y-establece-las-Politicas-de-Estandarizacion-de-las-Divisiones-de-Transparencia.pdf\" target=\"_blank\">Descargar<\/a>\r\n            <\/td>\r\n        <\/tr>\r\n    <\/tbody>\r\n<\/table>\r\n<br\/> <table class=\"file-table\">\r\n    <thead>\r\n        <tr>\r\n            <th style=\"width:45%;\">Nombre del Archivo<\/th>\r\n            <th style=\"width:15%;\">Tipo<\/th>\r\n            <th style=\"width:15%;\">Tama\u00f1o<\/th>\r\n            <th style=\"width:15%;\">Fecha<\/th>\r\n            <th style=\"width:10%;\">Descarga<\/th>\r\n        <\/tr>\r\n    <\/thead>\r\n    <tbody>\r\n        <tr>\r\n            <td>\r\n                <div class=\"file-name\">\r\n                    <img src=\"https:\/\/mapre.gob.do\/transparencia\/wp-includes\/images\/crystal\/document.png\" alt=\"Icon of Resoluci\u00f3n MAPRE-03-2019 Que Aprueba La Creaci\u00f3n Atribuciones Y Funcionamiento De La Comisi\u00f3n Mixta De Habilitaci\u00f3n De Las Asociaciones Sin Fines De Luc\" style=\"vertical-align:middle;width:auto;height:46px;\" \/>\r\n                    <span>Resoluci\u00f3n MAPRE-03-2019 Que Aprueba La Creaci\u00f3n Atribuciones Y Funcionamiento De La Comisi\u00f3n Mixta De Habilitaci\u00f3n De Las Asociaciones Sin Fines De Luc<\/span>\r\n                <\/div>\r\n            <\/td>\r\n            <td class=\"file-extension\">pdf<\/td>\r\n            <td>182.2 KiB<\/td>\r\n            <td>11\/10\/2021 11:07:41<\/td>\r\n            <td class=\"file-download\">\r\n                <a href=\"https:\/\/mapre.gob.do\/transparencia\/download\/marco_legal(2)\/base_legal(2)\/resoluciones\/Resolucion-MAPRE-03-2019-que-aprueba-la-creacion-atribuciones-y-funcionamiento-de-la-Comision-Mixta-de-Habilitacion-de-las-Asociaciones-sin-fines-de-luc.pdf\" target=\"_blank\">Descargar<\/a>\r\n            <\/td>\r\n        <\/tr>\r\n    <\/tbody>\r\n<\/table>\r\n<br\/> <table class=\"file-table\">\r\n    <thead>\r\n        <tr>\r\n            <th style=\"width:45%;\">Nombre del Archivo<\/th>\r\n            <th style=\"width:15%;\">Tipo<\/th>\r\n            <th style=\"width:15%;\">Tama\u00f1o<\/th>\r\n            <th style=\"width:15%;\">Fecha<\/th>\r\n            <th style=\"width:10%;\">Descarga<\/th>\r\n        <\/tr>\r\n    <\/thead>\r\n    <tbody>\r\n        <tr>\r\n            <td>\r\n                <div class=\"file-name\">\r\n                    <img src=\"https:\/\/mapre.gob.do\/transparencia\/wp-includes\/images\/crystal\/document.png\" alt=\"Icon of Resoluci\u00f3n MAPRE-04-2019 Que Designa Los Miembros De La Comisi\u00f3n Mixta De Habilitaci\u00f3n De Las Asociaciones Sin Fines De Lucro\" style=\"vertical-align:middle;width:auto;height:46px;\" \/>\r\n                    <span>Resoluci\u00f3n MAPRE-04-2019 Que Designa Los Miembros De La Comisi\u00f3n Mixta De Habilitaci\u00f3n De Las Asociaciones Sin Fines De Lucro<\/span>\r\n                <\/div>\r\n            <\/td>\r\n            <td class=\"file-extension\">pdf<\/td>\r\n            <td>102.0 KiB<\/td>\r\n            <td>11\/10\/2021 11:07:42<\/td>\r\n            <td class=\"file-download\">\r\n                <a href=\"https:\/\/mapre.gob.do\/transparencia\/download\/marco_legal(2)\/base_legal(2)\/resoluciones\/Resolucion-MAPRE-04-2019-que-designa-los-miembros-de-la-Comision-Mixta-de-Habilitacion-de-las-Asociaciones-sin-fines-de-lucro.pdf\" target=\"_blank\">Descargar<\/a>\r\n            <\/td>\r\n        <\/tr>\r\n    <\/tbody>\r\n<\/table>\r\n<br\/> \n<p>&nbsp;<\/p>\n<p><a title=\"Descargar Adobe Reader\" href=\"https:\/\/get.adobe.com\/es\/reader\/\" target=\"_blank\" rel=\"noopener\"><img class=\"img-fluid\" width=\"50%\" style=\"width: 100%; padding-top: 45px;\" src=\"\/transparencia\/wp-content\/themes\/MAPRE\/images\/adobe-ready.png\" alt=\"Adobe\" \/><\/a><\/p>\n","protected":false},"excerpt":{"rendered":"<p>Resoluciones &nbsp;<\/p>\n","protected":false},"author":11,"featured_media":0,"parent":0,"menu_order":0,"comment_status":"closed","ping_status":"closed","template":"page_transparencia.php","meta":[],"_links":{"self":[{"href":"https:\/\/mapre.gob.do\/transparencia\/wp-json\/wp\/v2\/pages\/11087"}],"collection":[{"href":"https:\/\/mapre.gob.do\/transparencia\/wp-json\/wp\/v2\/pages"}],"about":[{"href":"https:\/\/mapre.gob.do\/transparencia\/wp-json\/wp\/v2\/types\/page"}],"author":[{"embeddable":true,"href":"https:\/\/mapre.gob.do\/transparencia\/wp-json\/wp\/v2\/users\/11"}],"replies":[{"embeddable":true,"href":"https:\/\/mapre.gob.do\/transparencia\/wp-json\/wp\/v2\/comments?post=11087"}],"version-history":[{"count":1,"href":"https:\/\/mapre.gob.do\/transparencia\/wp-json\/wp\/v2\/pages\/11087\/revisions"}],"predecessor-version":[{"id":11088,"href":"https:\/\/mapre.gob.do\/transparencia\/wp-json\/wp\/v2\/pages\/11087\/revisions\/11088"}],"wp:attachment":[{"href":"https:\/\/mapre.gob.do\/transparencia\/wp-json\/wp\/v2\/media?parent=11087"}],"curies":[{"name":"wp","href":"https:\/\/api.w.org\/{rel}","templated":true}]}}