{"id":10648,"date":"2025-03-03T09:45:30","date_gmt":"2025-03-03T13:45:30","guid":{"rendered":"https:\/\/mapre.gob.do\/transparencia\/?page_id=10648"},"modified":"2026-04-08T21:24:31","modified_gmt":"2026-04-09T01:24:31","slug":"contacto-del-rai","status":"publish","type":"page","link":"https:\/\/mapre.gob.do\/transparencia\/oficina-de-libre-acceso-a-la-informacion\/contacto-del-rai\/","title":{"rendered":"Contacto del RAI"},"content":{"rendered":"<div class=\"rai-card\">\n<h3 class=\"rai-title\">Contacto Responsable de Acceso a la Informaci\u00f3n<\/h3>\n<p class=\"rai-name\"><strong>Katherine Pe\u00f1a<\/strong><\/p>\n<p class=\"rai-role\">Responsable de Acceso a la Informaci\u00f3n (RAI)<\/p>\n<p><strong>Tel\u00e9fono:<\/strong> (809) 695-8000 <span class=\"rai-ext\">Ext. 2088<\/span><\/p>\n<p><strong>Correo:<\/strong> <a href=\"mailto:oai@presidencia.gob.do\">oai@presidencia.gob.do<\/a><\/p>\n<p><strong>Direcci\u00f3n:<\/strong> Avenida M\u00e9xico Esq. Dr. Delgado, Santo Domingo, R.D.<\/p>\n<\/div>\n","protected":false},"excerpt":{"rendered":"<p>Contacto Responsable de Acceso a la Informaci\u00f3n Katherine Pe\u00f1a Responsable de Acceso a la Informaci\u00f3n (RAI) Tel\u00e9fono: (809) 695-8000 Ext. [&hellip;]<\/p>\n","protected":false},"author":9,"featured_media":0,"parent":2344,"menu_order":0,"comment_status":"closed","ping_status":"closed","template":"page_transparencia.php","meta":[],"_links":{"self":[{"href":"https:\/\/mapre.gob.do\/transparencia\/wp-json\/wp\/v2\/pages\/10648"}],"collection":[{"href":"https:\/\/mapre.gob.do\/transparencia\/wp-json\/wp\/v2\/pages"}],"about":[{"href":"https:\/\/mapre.gob.do\/transparencia\/wp-json\/wp\/v2\/types\/page"}],"author":[{"embeddable":true,"href":"https:\/\/mapre.gob.do\/transparencia\/wp-json\/wp\/v2\/users\/9"}],"replies":[{"embeddable":true,"href":"https:\/\/mapre.gob.do\/transparencia\/wp-json\/wp\/v2\/comments?post=10648"}],"version-history":[{"count":22,"href":"https:\/\/mapre.gob.do\/transparencia\/wp-json\/wp\/v2\/pages\/10648\/revisions"}],"predecessor-version":[{"id":11124,"href":"https:\/\/mapre.gob.do\/transparencia\/wp-json\/wp\/v2\/pages\/10648\/revisions\/11124"}],"up":[{"embeddable":true,"href":"https:\/\/mapre.gob.do\/transparencia\/wp-json\/wp\/v2\/pages\/2344"}],"wp:attachment":[{"href":"https:\/\/mapre.gob.do\/transparencia\/wp-json\/wp\/v2\/media?parent=10648"}],"curies":[{"name":"wp","href":"https:\/\/api.w.org\/{rel}","templated":true}]}}