{"id":10014,"date":"2021-04-28T11:56:16","date_gmt":"2021-04-28T15:56:16","guid":{"rendered":"http:\/\/172.20.0.80\/transparencia\/?page_id=10014"},"modified":"2021-04-28T11:56:16","modified_gmt":"2021-04-28T15:56:16","slug":"normativas-derechos-de-los-ciudadanos-de-acceder-a-la-informacion-publica","status":"publish","type":"page","link":"https:\/\/mapre.gob.do\/transparencia\/normativas-derechos-de-los-ciudadanos-de-acceder-a-la-informacion-publica\/","title":{"rendered":"Normativas: Derechos de los ciudadanos de Acceder a la informaci\u00f3n p\u00fablica"},"content":{"rendered":"<p><strong>Todo ciudadano(a) tiene derecho a:<\/strong><\/p>\n<p><strong>1) \u00a0<\/strong>SOLICITAR informaci\u00f3n de cualquier \u00f3rgano del Estado Dominicano y de todas las sociedades an\u00f3nimas, compa\u00f1\u00edas an\u00f3nimas o compa\u00f1\u00edas por acciones con participaci\u00f3n estatal.<\/p>\n<p><strong>2)\u00a0<\/strong>RECIBIR informaci\u00f3n completa, veraz, adecuada y oportuna de cualquier \u00f3rgano del Estado Dominicano y de todas las sociedades an\u00f3nimas, compa\u00f1\u00edas an\u00f3nimas o compa\u00f1\u00edas por acciones con participaci\u00f3n estatal.<\/p>\n<p><strong>3)<\/strong>ACCESO gratuito a la informaci\u00f3n en tanto que no requiera reproducci\u00f3n de la misma.<\/p>\n<p><strong>4)\u00a0<\/strong>SOLICITAR, RECIBIR y DIFUNDIR informaciones pertenecientes a la administraci\u00f3n del Estado.<\/p>\n<p><strong>5)<\/strong>CONOCER los proyectos de reglamentos y otras disposiciones de car\u00e1cter general que rigen las relaciones entre los particulares y la administraci\u00f3n.<\/p>\n<p><strong>6)\u00a0<\/strong>OBTENER informaci\u00f3n sobre los servicios que ofrece el Estado, requisitos costos.<\/p>\n<p><strong>7)\u00a0<\/strong>SABER la estructura, integrantes, normativas de funcionamiento, proyectos, informes de gesti\u00f3n, y bases de datos de la administraci\u00f3n p\u00fablica.<\/p>\n<p><strong>8)\u00a0<\/strong>CONOCER sobre los presupuestos y c\u00e1lculos de recursos y gastos aprobados, su evoluci\u00f3n y estado de ejecuci\u00f3n.<\/p>\n<p><strong>9)<\/strong>TENER informaci\u00f3n sobre los programas y proyectos, sus presupuestos, plazos, ejecuci\u00f3n y supervisi\u00f3n.<\/p>\n<p><strong>10)<\/strong>ESTAR AL TANTO sobre las licitaciones, concursos, compras, gastos y resultados.<\/p>\n<p><strong>11)\u00a0<\/strong>ACCEDER a la n\u00f3mina del Estado y sus remuneraciones.<\/p>\n<p><strong>12)\u00a0<\/strong>CONOCER la declaraci\u00f3n jurada patrimonial de los funcionarios del Estado cuando su presentaci\u00f3n corresponda por ley.<\/p>\n<p><strong>13)\u00a0<\/strong>RECIBIR informaci\u00f3n sobre el listado de beneficiarios de programas asistenciales, subsidios, becas, jubilaciones, pensiones y retiros.<\/p>\n<p><strong>14)\u00a0<\/strong>SABER sobre el estado de cuentas de la deuda p\u00fablica, sus vencimientos y pagos.<\/p>\n<p><strong>15)\u00a0<\/strong>BUSCAR las leyes, decretos, resoluciones, disposiciones, marcos regulatorios y cualquier tipo de normativa.<\/p>\n<p><strong>16)\u00a0<\/strong>SOLICITAR Y RECIBIR oportunamente cualquier tipo de documentaci\u00f3n financiera relativa al presupuesto p\u00fablico.<\/p>\n<p>En cumplimiento a la Ley 200-04 y el Decreto 130-05, el acceso a la informaci\u00f3n se har\u00e1 efectivo siempre y cuando no afecte la seguridad nacional, el orden p\u00fablico, la salud o la moral p\u00fablica o el derecho a la privacidad e intimidad de un tercero o el derecho a la reputaci\u00f3n de los dem\u00e1s.<\/p>\n","protected":false},"excerpt":{"rendered":"<p>Todo ciudadano(a) tiene derecho a: 1) \u00a0SOLICITAR informaci\u00f3n de cualquier \u00f3rgano del Estado Dominicano y de todas las sociedades an\u00f3nimas, [&hellip;]<\/p>\n","protected":false},"author":9,"featured_media":0,"parent":0,"menu_order":0,"comment_status":"closed","ping_status":"closed","template":"page_transparencia.php","meta":[],"_links":{"self":[{"href":"https:\/\/mapre.gob.do\/transparencia\/wp-json\/wp\/v2\/pages\/10014"}],"collection":[{"href":"https:\/\/mapre.gob.do\/transparencia\/wp-json\/wp\/v2\/pages"}],"about":[{"href":"https:\/\/mapre.gob.do\/transparencia\/wp-json\/wp\/v2\/types\/page"}],"author":[{"embeddable":true,"href":"https:\/\/mapre.gob.do\/transparencia\/wp-json\/wp\/v2\/users\/9"}],"replies":[{"embeddable":true,"href":"https:\/\/mapre.gob.do\/transparencia\/wp-json\/wp\/v2\/comments?post=10014"}],"version-history":[{"count":1,"href":"https:\/\/mapre.gob.do\/transparencia\/wp-json\/wp\/v2\/pages\/10014\/revisions"}],"predecessor-version":[{"id":10015,"href":"https:\/\/mapre.gob.do\/transparencia\/wp-json\/wp\/v2\/pages\/10014\/revisions\/10015"}],"wp:attachment":[{"href":"https:\/\/mapre.gob.do\/transparencia\/wp-json\/wp\/v2\/media?parent=10014"}],"curies":[{"name":"wp","href":"https:\/\/api.w.org\/{rel}","templated":true}]}}